{"id":6,"date":"2016-08-01T14:50:50","date_gmt":"2016-08-01T14:50:50","guid":{"rendered":"https:\/\/avadawebsites.wpengine.com\/finance\/?page_id=6"},"modified":"2025-01-02T19:39:44","modified_gmt":"2025-01-02T18:39:44","slug":"about","status":"publish","type":"page","link":"https:\/\/orgafinance.fr\/index.php\/about\/","title":{"rendered":"\u00c0 propos"},"content":{"rendered":"<div class=\"fusion-fullwidth fullwidth-box fusion-builder-row-1 fusion-flex-container nonhundred-percent-fullwidth non-hundred-percent-height-scrolling\" style=\"--awb-background-position:left top;--awb-border-sizes-top:0px;--awb-border-sizes-bottom:0px;--awb-border-sizes-left:0px;--awb-border-sizes-right:0px;--awb-border-radius-top-left:0px;--awb-border-radius-top-right:0px;--awb-border-radius-bottom-right:0px;--awb-border-radius-bottom-left:0px;--awb-padding-bottom:50px;--awb-flex-wrap:wrap;\" ><div class=\"fusion-builder-row fusion-row fusion-flex-align-items-flex-start fusion-flex-justify-content-center fusion-flex-content-wrap\" style=\"max-width:1216.8px;margin-left: calc(-4% \/ 2 );margin-right: calc(-4% \/ 2 );\"><div class=\"fusion-layout-column fusion_builder_column fusion-builder-column-0 fusion_builder_column_1_3 1_3 fusion-flex-column fusion-flex-align-self-center\" style=\"--awb-bg-blend:overlay;--awb-bg-size:cover;--awb-width-large:33.333333333333%;--awb-margin-top-large:0px;--awb-spacing-right-large:5.76%;--awb-margin-bottom-large:0px;--awb-spacing-left-large:5.76%;--awb-width-medium:100%;--awb-spacing-right-medium:1.92%;--awb-spacing-left-medium:1.92%;--awb-width-small:100%;--awb-spacing-right-small:1.92%;--awb-spacing-left-small:1.92%;\"><div class=\"fusion-column-wrapper fusion-flex-justify-content-flex-start fusion-content-layout-column\"><div class=\"fusion-image-element \" style=\"text-align:center;--awb-mask-url: url(https:\/\/orgafinance.fr\/wp-content\/plugins\/fusion-builder\/\/assets\/images\/masks\/mask-3.svg);--awb-caption-title-font-family:var(--h2_typography-font-family);--awb-caption-title-font-weight:var(--h2_typography-font-weight);--awb-caption-title-font-style:var(--h2_typography-font-style);--awb-caption-title-size:var(--h2_typography-font-size);--awb-caption-title-transform:var(--h2_typography-text-transform);--awb-caption-title-line-height:var(--h2_typography-line-height);--awb-caption-title-letter-spacing:var(--h2_typography-letter-spacing);\"><div class=\"awb-image-frame awb-image-frame-1 imageframe-liftup hover-with-mask\"><span class=\" fusion-imageframe imageframe-none imageframe-1 has-mask\"><img decoding=\"async\" width=\"300\" height=\"300\" title=\"Orgafinance_Arnaud_Cozette\" src=\"https:\/\/orgafinance.fr\/wp-content\/uploads\/2025\/01\/0001_20241224-6W6A3977_WEB.jpg\" data-orig-src=\"http:\/\/orgafinance.fr\/wp-content\/uploads\/2025\/01\/0001_20241224-6W6A3977_WEB-300x300.jpg\" alt class=\"lazyload img-responsive wp-image-1449\" srcset=\"data:image\/svg+xml,%3Csvg%20xmlns%3D%27http%3A%2F%2Fwww.w3.org%2F2000%2Fsvg%27%20width%3D%271024%27%20height%3D%271024%27%20viewBox%3D%270%200%201024%201024%27%3E%3Crect%20width%3D%271024%27%20height%3D%271024%27%20fill-opacity%3D%220%22%2F%3E%3C%2Fsvg%3E\" data-srcset=\"https:\/\/orgafinance.fr\/wp-content\/uploads\/2025\/01\/0001_20241224-6W6A3977_WEB-200x200.jpg 200w, https:\/\/orgafinance.fr\/wp-content\/uploads\/2025\/01\/0001_20241224-6W6A3977_WEB-400x400.jpg 400w, https:\/\/orgafinance.fr\/wp-content\/uploads\/2025\/01\/0001_20241224-6W6A3977_WEB-600x600.jpg 600w, https:\/\/orgafinance.fr\/wp-content\/uploads\/2025\/01\/0001_20241224-6W6A3977_WEB-800x800.jpg 800w, https:\/\/orgafinance.fr\/wp-content\/uploads\/2025\/01\/0001_20241224-6W6A3977_WEB.jpg 1024w\" data-sizes=\"auto\" data-orig-sizes=\"(max-width: 1000px) 100vw, (max-width: 640px) 100vw, 400px\" \/><\/span><\/div><\/div><div class=\"fusion-title title fusion-title-1 fusion-sep-none fusion-title-text fusion-title-size-one\"><h1 class=\"fusion-title-heading title-heading-left\" style=\"margin:0;text-transform:capitalize;\"><h3 class=\"content-box-heading fusion-live-editable fusion-responsive-typography-calculated medium-editor-element\" style=\"text-align: center;\" role=\"textbox\" contenteditable=\"true\" spellcheck=\"true\" data-fontsize=\"26\" data-lineheight=\"30.94px\" data-inline-fontsize=\"26px\" data-inline-lineheight=\"31px\" data-inline-parent-cid=\"7\" data-disable-return=\"true\" data-disable-extra-spaces=\"true\" data-toolbar=\"false\" data-param=\"title\" data-medium-editor-element=\"true\" aria-multiline=\"true\" data-medium-editor-editor-index=\"2\" data-placeholder=\"Your Content Goes Here\" data-medium-focused=\"true\">Arnaud Cozette<\/h3><\/h1><\/div><\/div><\/div><div class=\"fusion-layout-column fusion_builder_column fusion-builder-column-1 fusion_builder_column_2_3 2_3 fusion-flex-column\" style=\"--awb-bg-blend:overlay;--awb-bg-size:cover;--awb-width-large:66.666666666667%;--awb-margin-top-large:2%;--awb-spacing-right-large:0%;--awb-margin-bottom-large:20px;--awb-spacing-left-large:0%;--awb-width-medium:100%;--awb-spacing-right-medium:1.92%;--awb-spacing-left-medium:1.92%;--awb-width-small:100%;--awb-spacing-right-small:1.92%;--awb-spacing-left-small:1.92%;\"><div class=\"fusion-column-wrapper fusion-flex-justify-content-center fusion-content-layout-column\"><div class=\"fusion-text fusion-text-1\"><div style=\"text-align: center;\">\n<div>\n<div>Gr\u00e2ce \u00e0 25 ans d&rsquo;exp\u00e9rience dans les secteurs de l&rsquo;industrie (fonderie), de la pharma, de la distribution et du monde coop\u00e9ratif (c\u00e9r\u00e9ales), j\u2019ai d\u00e9velopp\u00e9 une expertise approfondie en finance et en syst\u00e8mes d&rsquo;information, combin\u00e9e \u00e0 une vision strat\u00e9gique\u00a0et \u00e0 une approche ax\u00e9e sur le d\u00e9veloppement.<\/div>\n<div><\/div>\n<div>Mon parcours se distingue par\u00a0<b>ma capacit\u00e9 \u00e0 structurer des organisations, \u00e0 \u00e9laborer des plans strat\u00e9giques et \u00e0 accompagner des projets complexes tels que des acquisitions d&rsquo;entreprises, des montages juridiques ou la mise en place d\u2019ERP (SAP, BC)<\/b>.<\/div>\n<div><\/div>\n<div>Tout au long de ma carri\u00e8re, j\u2019ai occup\u00e9 des\u00a0<b>postes de direction au sein de groupes internationaux et\/ou en pleine croissance<\/b>, o\u00f9 j\u2019ai f\u00e9d\u00e9r\u00e9 des \u00e9quipes multiculturelles autour d\u2019objectifs communs. J\u2019ai toujours accord\u00e9 une importance particuli\u00e8re \u00e0 la communication et \u00e0 la collaboration, en agissant comme un\u00a0<b>v\u00e9ritable business partner\u00a0<\/b>au sein des comit\u00e9s de direction, et aupr\u00e8s des parties prenantes\u00a0des dirigeants jusqu\u2019aux actionnaires.<\/div>\n<div><\/div>\n<div>Mon approche est guid\u00e9e par une\u00a0<b>recherche constante de performance et d\u2019excellence op\u00e9rationnelle<\/b>. J\u2019ai un savoir-faire dans la structuration des organisations administratives, dans l\u2019accompagnement de projets d\u2019acquisition\u00a0de soci\u00e9t\u00e9s et dans la mise en \u0153uvre d\u2019outils \u00e0 destination des op\u00e9rationnels ou des actionnaires dans un contexte d&rsquo;ETI et\/ou groupe.<\/div>\n<div><\/div>\n<div>De\u00a0<b>formations solides en finance\u00a0<\/b>(ICN, DECF), j&rsquo;accompagne les entreprises dans des missions sur-mesure. Je suis un manager proche des \u00e9quipes pour une mont\u00e9e en comp\u00e9tence et une autonomie accrue. Mon approche en mode projet permet de r\u00e9duire le sentiment de silo entre les services. Que ce soit pour structurer un groupe, piloter une strat\u00e9gie financi\u00e8re, ou optimiser des processus complexes, je suis engag\u00e9 \u00e0\u00a0<b>fournir des solutions adapt\u00e9es<\/b>\u00a0et \u00e0\u00a0<b>g\u00e9n\u00e9rer de la valeur\u00a0<\/b>\u00e0 chaque \u00e9tape.<\/div>\n<\/div>\n<\/div>\n<\/div><\/div><\/div><\/div><\/div>\n","protected":false},"excerpt":{"rendered":"","protected":false},"author":1,"featured_media":0,"parent":0,"menu_order":0,"comment_status":"closed","ping_status":"closed","template":"100-width.php","meta":{"footnotes":""},"class_list":["post-6","page","type-page","status-publish","hentry"],"_links":{"self":[{"href":"https:\/\/orgafinance.fr\/index.php\/wp-json\/wp\/v2\/pages\/6","targetHints":{"allow":["GET"]}}],"collection":[{"href":"https:\/\/orgafinance.fr\/index.php\/wp-json\/wp\/v2\/pages"}],"about":[{"href":"https:\/\/orgafinance.fr\/index.php\/wp-json\/wp\/v2\/types\/page"}],"author":[{"embeddable":true,"href":"https:\/\/orgafinance.fr\/index.php\/wp-json\/wp\/v2\/users\/1"}],"replies":[{"embeddable":true,"href":"https:\/\/orgafinance.fr\/index.php\/wp-json\/wp\/v2\/comments?post=6"}],"version-history":[{"count":40,"href":"https:\/\/orgafinance.fr\/index.php\/wp-json\/wp\/v2\/pages\/6\/revisions"}],"predecessor-version":[{"id":1450,"href":"https:\/\/orgafinance.fr\/index.php\/wp-json\/wp\/v2\/pages\/6\/revisions\/1450"}],"wp:attachment":[{"href":"https:\/\/orgafinance.fr\/index.php\/wp-json\/wp\/v2\/media?parent=6"}],"curies":[{"name":"wp","href":"https:\/\/api.w.org\/{rel}","templated":true}]}}